{"id":491,"date":"2021-01-27T18:45:00","date_gmt":"2021-01-27T18:45:00","guid":{"rendered":"http:\/\/www.fiskarmuseum.obbola.se\/?page_id=491"},"modified":"2021-01-27T22:23:41","modified_gmt":"2021-01-27T22:23:41","slug":"saljaktens-ekonomiska-betydelse-carl-erik-nilsson","status":"publish","type":"page","link":"http:\/\/www.fiskarmuseum.obbola.se\/?page_id=491","title":{"rendered":"S\u00e4ljaktens ekonomiska betydelse                                   av Carl-Erik Nilsson"},"content":{"rendered":"<p><\/p>\n<p><\/p>\n<p><\/p>\n<p>F\u00d6R DEN ENSKILDE FISKAREN var naturligtvis s\u00e4len ett gissel f\u00f6r det traditionella fisket och av den anledningen ett lovv\u00e4rt jaktbyte. Skottpengarna som utgick f\u00f6rs\u00e4mrade naturligtvis inte heller lusten att minska best\u00e5ndet men avg\u00f6rande var nog \u00e4nd\u00e5 det man kunde f\u00e5 ut vid f\u00f6rs\u00e4ljning av framf\u00f6r allt sp\u00e4ck och skinn och d\u00e4r har priserna under \u00e5ren v\u00e4xlat mycket. Redan under slutet av 1800-talet hade ishavsf\u00e5ngsterna av s\u00e4l \u00f6kat genom att jakten allt mer mekaniserandes och det fick till f\u00f6ljd att priserna sj\u00f6nk p\u00e5 s\u00e4lsp\u00e4ck och tran.\u00a0<\/p>\n<p>Under \u00e5ren 1890 till 1910 sj\u00f6nk exempelvis priset p\u00e5 s\u00e4lsp\u00e4ck fr\u00e5n 4-5 kr \/ lispund till 1:50-2 kr \/ lispund; 1 kilogram motsvarande fr\u00e5n 0: 47-0: 58 kr \/ kg resp 0:17 &#8211; 0:23 kr \/ kg.\u00a0 Det fick som konsekvens att s\u00e4ljakten stagnerade och antalet f\u00e4lb\u00e5tar sj\u00f6nk.\u00a0 Efter 1910 kommer en f\u00f6rb\u00e4ttring.\u00a0 Dels hade man f\u00e5tt tillg\u00e5ng till ett nytt vapen, mausergev\u00e4ret och dels kom d\u00e5 dessa skottpengar.\u00a0 Vid den tiden var en s\u00e4l v\u00e4rd cirka 10 kr: 3 kr kom fr\u00e5n skottpengarna, 3 kr fr\u00e5n skinnet och 4 kr fr\u00e5n sp\u00e4cket.\u00a0<\/p>\n<p>\u00c5r 1914, n\u00e4r f\u00f6rsta v\u00e4rldskriget bryter ut, \u00e4r s\u00e4len i genomsnitt v\u00e4rt 15,50 kr.\u00a0 Skottpengarna svarar f\u00f6r 4 kr, skinnpriset uppe i 5 kr och resten st\u00e5r sp\u00e4cket f\u00f6r.\u00a0 I samband med kriget \u00f6kar efterfr\u00e5gan p\u00e5 fett\u00e4mnen.\u00a0 I slutet av kriget 1918\u00a0 \u00e4r s\u00e4lens v\u00e4rde uppe i 200 kr. Sp\u00e4cket kunde man f\u00e5 kunde man f\u00e5 upp till 8 kr\/ kg, \u00e4ven om myndigheterna hade satt ett h\u00f6gsta pris p\u00e5 5 kr\/ kg.\u00a0 Svarta pengar fanns redan d\u00e5.\u00a0 Detta innebar att man med tur under n\u00e5gra m\u00e5nader i f\u00e4lan, kunde komma med en f\u00f6rtj\u00e4nst som stod sig v\u00e4l med en industriarbetares \u00e5rsl\u00f6n!\u00a0 Efter dessa goda \u00e5r och under hela 1920-talet sjunker priserna igen.\u00a0 Genomsnittspriset p\u00e5 en s\u00e4l \u00e4r nu nere i 13,50 kr.\u00a0 Detta leder i sin tur till en avmattning i s\u00e4ljakten och att avmattningen st\u00e5r sig trots att h\u00f6jer skottpremier ett par g\u00e5nger under 1920-talet.\u00a0 Trots detta \u00e4r genomsnittspriset per s\u00e4l inte h\u00f6gre \u00e4n cirka 15 kr under 1930-talet.\u00a0 Jaktintensiteten avtog trots det milda vinterklimatet och gynnsamma betingelser f\u00f6r jakten.\u00a0 Makabert nog blir det ett nytt krig som s\u00e4tter fart p\u00e5 jakten igen.\u00a0 Sp\u00e4ckpriset g\u00e5r upp till 4,75 kr \/ kg och f\u00f6r skinnet kunde du f\u00e5 bort\u00e5t 30 kr. Detta innebar att genomsnittspriset p\u00e5 en s\u00e4l kom upp till 115 kr.<\/p>\n<p>F\u00f6r att f\u00e5 n\u00e5gon uppfattning om vad dessa priser motsvarade kan f\u00f6ljande j\u00e4mf\u00f6relser g\u00f6ras.\u00a0 1900, n\u00e4r skottpengarna var 3 kr, tj\u00e4nade en industriarbetare inom metallsektorn 0,36 kr \/ timme.\u00a0 Hans arbetsvecka omfattade i genomsnitt 61,3 timmar.\u00a0 Ett kg torkat fl\u00e4sk kostade 1 kr.\u00a0 \u00c5r 1915, under kriget, hade en dr\u00e4ng 2,78 kr i dagsl\u00f6n och skulle beh\u00f6va arbeta mer \u00e4n 70 dagar f\u00f6r att tj\u00e4na ihop v\u00e4rdet p\u00e5 en s\u00e4l.\u00a0 194o n\u00e4r genomsnittspriset var 115 kronor f\u00f6r en skjuten s\u00e4l, betalade man 252 kronor f\u00f6r en ko, dvs f\u00f6r drygt tv\u00e5 s\u00e4lar f\u00e5r du en ko!\u00a0<\/p>\n<p>Det st\u00f6rsta hotet mot s\u00e4lpopulationen kom med bl a PCB-gifterna.\u00a0 1974 fridlyses d\u00e4rf\u00f6r s\u00e4len och best\u00e5ndet har nu \u00f6kat och upplevs som ett problem och hot mot havsfisket.\u00a0<\/p>\n<p>K\u00e4llor:<\/p>\n<p>Lagerqvist-Nathorst: Vad kostade det<\/p>\n<p>Westerberg: S\u00e4ljaktens redskap &#8230; V\u00e4sterbotten 2\/71.\u00a0 Intervjuare: Fiskare Lennart Olofsson.<\/p>\n","protected":false},"excerpt":{"rendered":"<p>F\u00d6R DEN ENSKILDE FISKAREN var naturligtvis s\u00e4len ett gissel f\u00f6r det traditionella fisket och av den anledningen ett lovv\u00e4rt jaktbyte. Skottpengarna som utgick f\u00f6rs\u00e4mrade naturligtvis inte heller lusten att minska best\u00e5ndet men avg\u00f6rande var nog \u00e4nd\u00e5 det man kunde f\u00e5 ut vid f\u00f6rs\u00e4ljning av framf\u00f6r allt sp\u00e4ck och skinn och d\u00e4r har priserna under \u00e5ren [&hellip;]<\/p>\n","protected":false},"author":1,"featured_media":0,"parent":0,"menu_order":0,"comment_status":"closed","ping_status":"closed","template":"","meta":{"footnotes":""},"_links":{"self":[{"href":"http:\/\/www.fiskarmuseum.obbola.se\/index.php?rest_route=\/wp\/v2\/pages\/491"}],"collection":[{"href":"http:\/\/www.fiskarmuseum.obbola.se\/index.php?rest_route=\/wp\/v2\/pages"}],"about":[{"href":"http:\/\/www.fiskarmuseum.obbola.se\/index.php?rest_route=\/wp\/v2\/types\/page"}],"author":[{"embeddable":true,"href":"http:\/\/www.fiskarmuseum.obbola.se\/index.php?rest_route=\/wp\/v2\/users\/1"}],"replies":[{"embeddable":true,"href":"http:\/\/www.fiskarmuseum.obbola.se\/index.php?rest_route=%2Fwp%2Fv2%2Fcomments&post=491"}],"version-history":[{"count":5,"href":"http:\/\/www.fiskarmuseum.obbola.se\/index.php?rest_route=\/wp\/v2\/pages\/491\/revisions"}],"predecessor-version":[{"id":701,"href":"http:\/\/www.fiskarmuseum.obbola.se\/index.php?rest_route=\/wp\/v2\/pages\/491\/revisions\/701"}],"wp:attachment":[{"href":"http:\/\/www.fiskarmuseum.obbola.se\/index.php?rest_route=%2Fwp%2Fv2%2Fmedia&parent=491"}],"curies":[{"name":"wp","href":"https:\/\/api.w.org\/{rel}","templated":true}]}}